{"id":221879,"date":"2015-09-12T19:45:39","date_gmt":"2015-09-12T17:45:39","guid":{"rendered":"http:\/\/www.logovector.org\/?page_id=221879"},"modified":"2015-09-12T19:45:39","modified_gmt":"2015-09-12T17:45:39","slug":"ikon-gonder","status":"publish","type":"page","link":"https:\/\/www.logovector.org\/en\/add-icon\/","title":{"rendered":"Add Icon"},"content":{"rendered":"<p><script type=\"text\/javascript\">var gform;gform||(document.addEventListener(\"gform_main_scripts_loaded\",function(){gform.scriptsLoaded=!0}),window.addEventListener(\"DOMContentLoaded\",function(){gform.domLoaded=!0}),gform={domLoaded:!1,scriptsLoaded:!1,initializeOnLoaded:function(o){gform.domLoaded&&gform.scriptsLoaded?o():!gform.domLoaded&&gform.scriptsLoaded?window.addEventListener(\"DOMContentLoaded\",o):document.addEventListener(\"gform_main_scripts_loaded\",o)},hooks:{action:{},filter:{}},addAction:function(o,n,r,t){gform.addHook(\"action\",o,n,r,t)},addFilter:function(o,n,r,t){gform.addHook(\"filter\",o,n,r,t)},doAction:function(o){gform.doHook(\"action\",o,arguments)},applyFilters:function(o){return gform.doHook(\"filter\",o,arguments)},removeAction:function(o,n){gform.removeHook(\"action\",o,n)},removeFilter:function(o,n,r){gform.removeHook(\"filter\",o,n,r)},addHook:function(o,n,r,t,i){null==gform.hooks[o][n]&&(gform.hooks[o][n]=[]);var e=gform.hooks[o][n];null==i&&(i=n+\"_\"+e.length),gform.hooks[o][n].push({tag:i,callable:r,priority:t=null==t?10:t})},doHook:function(n,o,r){var t;if(r=Array.prototype.slice.call(r,1),null!=gform.hooks[n][o]&&((o=gform.hooks[n][o]).sort(function(o,n){return o.priority-n.priority}),o.forEach(function(o){\"function\"!=typeof(t=o.callable)&&(t=window[t]),\"action\"==n?t.apply(null,r):r[0]=t.apply(null,r)})),\"filter\"==n)return r[0]},removeHook:function(o,n,t,i){var r;null!=gform.hooks[o][n]&&(r=(r=gform.hooks[o][n]).filter(function(o,n,r){return!!(null!=i&&i!=o.tag||null!=t&&t!=o.priority)}),gform.hooks[o][n]=r)}});<\/script>\n                <div class='gf_browser_gecko gform_wrapper gform_legacy_markup_wrapper gform-theme--no-framework' data-form-theme='legacy' data-form-index='0' id='gform_wrapper_5' >\n                        <div class='gform_heading'>\n                            <p class='gform_description'><\/p>\n                        <\/div><form method='post' enctype='multipart\/form-data'  id='gform_5'  action=\"\/en\/wp-json\/wp\/v2\/pages\/221879\" data-formid='5' novalidate>\n                        <div class='gform-body gform_body'><ul id='gform_fields_5' class='gform_fields top_label form_sublabel_below description_below'><li id=\"field_5_1\"  class=\"gfield gfield--type-post_title gfield_contains_required field_sublabel_below gfield--no-description field_description_below gfield_visibility_visible\"  data-js-reload=\"field_5_1\"><label class='gfield_label gform-field-label' for='input_5_1' >Ba\u015fl\u0131k<span class=\"gfield_required\"><span class=\"gfield_required gfield_required_asterisk\">*<\/span><\/span><\/label><div class='ginput_container ginput_container_post_title'>\n\t\t\t\t\t<input name='input_1' id='input_5_1' type='text' value='' class='medium'   aria-required=\"true\" aria-invalid=\"false\"  \/>\n\t\t\t\t<\/div><\/li><li id=\"field_5_2\"  class=\"gfield gfield--type-post_content field_sublabel_below gfield--no-description field_description_below gfield_visibility_visible\"  data-js-reload=\"field_5_2\"><label class='gfield_label gform-field-label' for='input_5_2' >A\u00e7\u0131klama<\/label><div class='ginput_container ginput_container_textarea'><textarea name='input_2' id='input_5_2' class='textarea medium'      aria-invalid=\"false\"   rows='10' cols='50'><\/textarea><\/div><\/li><li id=\"field_5_3\"  class=\"gfield gfield--type-post_image gfield_contains_required field_sublabel_below gfield--no-description field_description_below gfield_visibility_visible\"  data-js-reload=\"field_5_3\"><label class='gfield_label gform-field-label' for='input_5_3' >\u00d6nizleme<span class=\"gfield_required\"><span class=\"gfield_required gfield_required_asterisk\">*<\/span><\/span><\/label><div class='ginput_complex ginput_container ginput_container_post_image gform-grid-row'><span class='ginput_full gform-grid-col'><input name='input_3' id='input_5_3' type='file' class='medium'  aria-required=\"true\" aria-invalid=\"false\" aria-describedby=\"extensions_message_5_3\" \/><span id='extensions_message_5_3' class='gfield_description gform_fileupload_rules'>Accepted file types: jpg, jpeg, png, gif.<\/span><\/span><\/div><\/li><li id=\"field_5_16\"  class=\"gfield gfield--type-text field_sublabel_below gfield--no-description field_description_below gfield_visibility_visible\"  data-js-reload=\"field_5_16\"><label class='gfield_label gform-field-label' for='input_5_16' >Lisans<\/label><div class='ginput_container ginput_container_text'><input name='input_16' id='input_5_16' type='text' value='' class='medium'      aria-invalid=\"false\"   \/> <\/div><\/li><li id=\"field_5_17\"  class=\"gfield gfield--type-website field_sublabel_below gfield--no-description field_description_below gfield_visibility_visible\"  data-js-reload=\"field_5_17\"><label class='gfield_label gform-field-label' for='input_5_17' >Tasar\u0131mc\u0131 Websitesi<\/label><div class='ginput_container ginput_container_website'>\n                    <input name='input_17' id='input_5_17' type='url' value='' class='medium'      aria-invalid=\"false\"\/>\n                <\/div><\/li><li id=\"field_5_5\"  class=\"gfield gfield--type-section gsection field_sublabel_below gfield--has-description field_description_below gfield_visibility_visible\"  data-js-reload=\"field_5_5\"><h2 class=\"gsection_title\">Vekt\u00f6rel Dosyalar<\/h2><div class='gsection_description' id='gfield_description_5_5'>En az bir formatta vekt\u00f6rel dosyay\u0131 y\u00fckleyin.<\/div><\/li><li id=\"field_5_4\"  class=\"gfield gfield--type-post_custom_field gfield--input-type-fileupload field_sublabel_below gfield--no-description field_description_below gfield_visibility_visible\"  data-js-reload=\"field_5_4\"><label class='gfield_label gform-field-label' for='input_5_4' >CDR<\/label><div class='ginput_container ginput_container_fileupload'><input type='hidden' name='MAX_FILE_SIZE' value='52428800' \/><input name='input_4' id='input_5_4' type='file' class='medium' aria-describedby=\"gfield_upload_rules_5_4\" onchange='javascript:gformValidateFileSize( this, 52428800 );'  \/><span class='gfield_description gform_fileupload_rules' id='gfield_upload_rules_5_4'>Accepted file types: cdr, zip, rar, Max. file size: 50 MB.<\/span><div class='gfield_description validation_message gfield_validation_message validation_message--hidden-on-empty' id='live_validation_message_5_4'><\/div><\/div><\/li><li id=\"field_5_8\"  class=\"gfield gfield--type-post_custom_field gfield--input-type-fileupload field_sublabel_below gfield--no-description field_description_below gfield_visibility_visible\"  data-js-reload=\"field_5_8\"><label class='gfield_label gform-field-label' for='input_5_8' >PDF<\/label><div class='ginput_container ginput_container_fileupload'><input type='hidden' name='MAX_FILE_SIZE' value='52428800' \/><input name='input_8' id='input_5_8' type='file' class='medium' aria-describedby=\"gfield_upload_rules_5_8\" onchange='javascript:gformValidateFileSize( this, 52428800 );'  \/><span class='gfield_description gform_fileupload_rules' id='gfield_upload_rules_5_8'>Accepted file types: pdf, zip, rar, Max. file size: 50 MB.<\/span><div class='gfield_description validation_message gfield_validation_message validation_message--hidden-on-empty' id='live_validation_message_5_8'><\/div><\/div><\/li><li id=\"field_5_6\"  class=\"gfield gfield--type-post_custom_field gfield--input-type-fileupload field_sublabel_below gfield--no-description field_description_below gfield_visibility_visible\"  data-js-reload=\"field_5_6\"><label class='gfield_label gform-field-label' for='input_5_6' >AI<\/label><div class='ginput_container ginput_container_fileupload'><input type='hidden' name='MAX_FILE_SIZE' value='52428800' \/><input name='input_6' id='input_5_6' type='file' class='medium' aria-describedby=\"gfield_upload_rules_5_6\" onchange='javascript:gformValidateFileSize( this, 52428800 );'  \/><span class='gfield_description gform_fileupload_rules' id='gfield_upload_rules_5_6'>Accepted file types: ai, zip, rar, Max. file size: 50 MB.<\/span><div class='gfield_description validation_message gfield_validation_message validation_message--hidden-on-empty' id='live_validation_message_5_6'><\/div><\/div><\/li><li id=\"field_5_7\"  class=\"gfield gfield--type-post_custom_field gfield--input-type-fileupload field_sublabel_below gfield--no-description field_description_below gfield_visibility_visible\"  data-js-reload=\"field_5_7\"><label class='gfield_label gform-field-label' for='input_5_7' >EPS<\/label><div class='ginput_container ginput_container_fileupload'><input type='hidden' name='MAX_FILE_SIZE' value='52428800' \/><input name='input_7' id='input_5_7' type='file' class='medium' aria-describedby=\"gfield_upload_rules_5_7\" onchange='javascript:gformValidateFileSize( this, 52428800 );'  \/><span class='gfield_description gform_fileupload_rules' id='gfield_upload_rules_5_7'>Accepted file types: eps, zip, rar, Max. file size: 50 MB.<\/span><div class='gfield_description validation_message gfield_validation_message validation_message--hidden-on-empty' id='live_validation_message_5_7'><\/div><\/div><\/li><li id=\"field_5_15\"  class=\"gfield gfield--type-post_custom_field gfield--input-type-fileupload field_sublabel_below gfield--no-description field_description_below gfield_visibility_visible\"  data-js-reload=\"field_5_15\"><label class='gfield_label gform-field-label' for='input_5_15' >SVG<\/label><div class='ginput_container ginput_container_fileupload'><input type='hidden' name='MAX_FILE_SIZE' value='52428800' \/><input name='input_15' id='input_5_15' type='file' class='medium' aria-describedby=\"gfield_upload_rules_5_15\" onchange='javascript:gformValidateFileSize( this, 52428800 );'  \/><span class='gfield_description gform_fileupload_rules' id='gfield_upload_rules_5_15'>Accepted file types: svg, zip, rar, Max. file size: 50 MB.<\/span><div class='gfield_description validation_message gfield_validation_message validation_message--hidden-on-empty' id='live_validation_message_5_15'><\/div><\/div><\/li><li id=\"field_5_18\"  class=\"gfield gfield--type-post_custom_field gfield--input-type-fileupload field_sublabel_below gfield--no-description field_description_below gfield_visibility_visible\"  data-js-reload=\"field_5_18\"><label class='gfield_label gform-field-label' for='input_5_18' >ICO<\/label><div class='ginput_container ginput_container_fileupload'><input type='hidden' name='MAX_FILE_SIZE' value='52428800' \/><input name='input_18' id='input_5_18' type='file' class='medium' aria-describedby=\"gfield_upload_rules_5_18\" onchange='javascript:gformValidateFileSize( this, 52428800 );'  \/><span class='gfield_description gform_fileupload_rules' id='gfield_upload_rules_5_18'>Accepted file types: ico, zip, rar, Max. file size: 50 MB.<\/span><div class='gfield_description validation_message gfield_validation_message validation_message--hidden-on-empty' id='live_validation_message_5_18'><\/div><\/div><\/li><li id=\"field_5_19\"  class=\"gfield gfield--type-post_custom_field gfield--input-type-fileupload field_sublabel_below gfield--no-description field_description_below gfield_visibility_visible\"  data-js-reload=\"field_5_19\"><label class='gfield_label gform-field-label' for='input_5_19' >ICNS<\/label><div class='ginput_container ginput_container_fileupload'><input type='hidden' name='MAX_FILE_SIZE' value='52428800' \/><input name='input_19' id='input_5_19' type='file' class='medium' aria-describedby=\"gfield_upload_rules_5_19\" onchange='javascript:gformValidateFileSize( this, 52428800 );'  \/><span class='gfield_description gform_fileupload_rules' id='gfield_upload_rules_5_19'>Accepted file types: icns, zip, rar, Max. file size: 50 MB.<\/span><div class='gfield_description validation_message gfield_validation_message validation_message--hidden-on-empty' id='live_validation_message_5_19'><\/div><\/div><\/li><li id=\"field_5_14\"  class=\"gfield gfield--type-section gsection field_sublabel_below gfield--no-description field_description_below gfield_visibility_visible\"  data-js-reload=\"field_5_14\"><h2 class=\"gsection_title\">Bilgileriniz (\u0130ste\u011fe Ba\u011fl\u0131)<\/h2><\/li><li id=\"field_5_12\"  class=\"gfield gfield--type-name field_sublabel_below gfield--no-description field_description_below gfield_visibility_visible\"  data-js-reload=\"field_5_12\"><label class='gfield_label gform-field-label gfield_label_before_complex'  >\u0130sminiz<\/label><div class='ginput_complex ginput_container ginput_container--name no_prefix has_first_name no_middle_name has_last_name no_suffix gf_name_has_2 ginput_container_name gform-grid-row' id='input_5_12'>\n                            <span id='input_5_12_3_container' class='name_first gform-grid-col' >\n                                                    <input type='text' name='input_12.3' id='input_5_12_3' value=''   aria-required='false'    \/>\n                                                    <label for='input_5_12_3' class='gform-field-label gform-field-label--type-sub '>First<\/label>\n                                               <\/span>\n                            <span id='input_5_12_6_container' class='name_last gform-grid-col' >\n                                                    <input type='text' name='input_12.6' id='input_5_12_6' value=''   aria-required='false'    \/>\n                                                    <label for='input_5_12_6' class='gform-field-label gform-field-label--type-sub '>Last<\/label>\n                                                <\/span>\n                            <div class='gf_clear gf_clear_complex'><\/div>\n                        <\/div><\/li><li id=\"field_5_13\"  class=\"gfield gfield--type-email field_sublabel_below gfield--no-description field_description_below gfield_visibility_visible\"  data-js-reload=\"field_5_13\"><label class='gfield_label gform-field-label' for='input_5_13' >E-posta<\/label><div class='ginput_container ginput_container_email'>\n                            <input name='input_13' id='input_5_13' type='email' value='' class='medium'     aria-invalid=\"false\"  \/>\n                        <\/div><\/li><li id=\"field_5_11\"  class=\"gfield gfield--type-captcha field_sublabel_below gfield--no-description field_description_below gfield_visibility_visible\"  data-js-reload=\"field_5_11\"><label class='gfield_label gform-field-label' for='input_5_11' >Captcha<\/label><div id='input_5_11' class='ginput_container ginput_recaptcha' data-sitekey='6Lf2M90SAAAAAPo5bhshX77EN4ExbiHjvKhXcsul'  data-theme='light' data-tabindex='0'  data-badge=''><\/div><\/li><\/ul><\/div>\n        <div class='gform_footer top_label'> <input type='submit' id='gform_submit_button_5' class='gform_button button' value='\u0130kon G\u00f6nder'  onclick='if(window[\"gf_submitting_5\"]){return false;}  if( !jQuery(\"#gform_5\")[0].checkValidity || jQuery(\"#gform_5\")[0].checkValidity()){window[\"gf_submitting_5\"]=true;}  ' onkeypress='if( event.keyCode == 13 ){ if(window[\"gf_submitting_5\"]){return false;} if( !jQuery(\"#gform_5\")[0].checkValidity || jQuery(\"#gform_5\")[0].checkValidity()){window[\"gf_submitting_5\"]=true;}  jQuery(\"#gform_5\").trigger(\"submit\",[true]); }' \/> \n            <input type='hidden' class='gform_hidden' name='is_submit_5' value='1' \/>\n            <input type='hidden' class='gform_hidden' name='gform_submit' value='5' \/>\n            \n            <input type='hidden' class='gform_hidden' name='gform_unique_id' value='' \/>\n            <input type='hidden' class='gform_hidden' name='state_5' value='WyJbXSIsIjVmY2Q3YmY1YmEzYmUxMzJkZWY4ZTg4MjJkNDZkM2M0Il0=' \/>\n            <input type='hidden' class='gform_hidden' name='gform_target_page_number_5' id='gform_target_page_number_5' value='0' \/>\n            <input type='hidden' class='gform_hidden' name='gform_source_page_number_5' id='gform_source_page_number_5' value='1' \/>\n            <input type='hidden' name='gform_field_values' value='' \/>\n            \n        <\/div>\n                        <p style=\"display: none !important;\" class=\"akismet-fields-container\" data-prefix=\"ak_\"><label>&#916;<textarea name=\"ak_hp_textarea\" cols=\"45\" rows=\"8\" maxlength=\"100\"><\/textarea><\/label><input type=\"hidden\" id=\"ak_js_1\" name=\"ak_js\" value=\"86\"\/><script>document.getElementById( \"ak_js_1\" ).setAttribute( \"value\", ( new Date() ).getTime() );<\/script><\/p><\/form>\n                        <\/div><script type=\"text\/javascript\">\n\/* <![CDATA[ *\/\n gform.initializeOnLoaded( function() {gformInitSpinner( 5, 'https:\/\/www.logovector.org\/wp-content\/plugins\/gravityforms\/images\/spinner.svg', true );jQuery('#gform_ajax_frame_5').on('load',function(){var contents = jQuery(this).contents().find('*').html();var is_postback = contents.indexOf('GF_AJAX_POSTBACK') >= 0;if(!is_postback){return;}var form_content = jQuery(this).contents().find('#gform_wrapper_5');var is_confirmation = jQuery(this).contents().find('#gform_confirmation_wrapper_5').length > 0;var is_redirect = contents.indexOf('gformRedirect(){') >= 0;var is_form = form_content.length > 0 && ! is_redirect && ! is_confirmation;var mt = parseInt(jQuery('html').css('margin-top'), 10) + parseInt(jQuery('body').css('margin-top'), 10) + 100;if(is_form){jQuery('#gform_wrapper_5').html(form_content.html());if(form_content.hasClass('gform_validation_error')){jQuery('#gform_wrapper_5').addClass('gform_validation_error');} else {jQuery('#gform_wrapper_5').removeClass('gform_validation_error');}setTimeout( function() { \/* delay the scroll by 50 milliseconds to fix a bug in chrome *\/  }, 50 );if(window['gformInitDatepicker']) {gformInitDatepicker();}if(window['gformInitPriceFields']) {gformInitPriceFields();}var current_page = jQuery('#gform_source_page_number_5').val();gformInitSpinner( 5, 'https:\/\/www.logovector.org\/wp-content\/plugins\/gravityforms\/images\/spinner.svg', true );jQuery(document).trigger('gform_page_loaded', [5, current_page]);window['gf_submitting_5'] = false;}else if(!is_redirect){var confirmation_content = jQuery(this).contents().find('.GF_AJAX_POSTBACK').html();if(!confirmation_content){confirmation_content = contents;}setTimeout(function(){jQuery('#gform_wrapper_5').replaceWith(confirmation_content);jQuery(document).trigger('gform_confirmation_loaded', [5]);window['gf_submitting_5'] = false;wp.a11y.speak(jQuery('#gform_confirmation_message_5').text());}, 50);}else{jQuery('#gform_5').append(contents);if(window['gformRedirect']) {gformRedirect();}}jQuery(document).trigger('gform_post_render', [5, current_page]);} );} ); \n\/* ]]> *\/\n<\/script>\n<!--[wpfcNOT]--><\/p>\n","protected":false},"excerpt":{"rendered":"","protected":false},"author":3683,"featured_media":0,"parent":0,"menu_order":0,"comment_status":"closed","ping_status":"closed","template":"","meta":{"inline_featured_image":false,"footnotes":""},"class_list":["post-221879","page","type-page","status-publish","hentry"],"yoast_head":"<!-- This site is optimized with the Yoast SEO plugin v24.2 - https:\/\/yoast.com\/wordpress\/plugins\/seo\/ -->\n<title>Add Icon - Vector Logo<\/title>\n<meta name=\"robots\" content=\"index, follow, max-snippet:-1, max-image-preview:large, max-video-preview:-1\" \/>\n<link rel=\"canonical\" href=\"https:\/\/www.logovector.org\/ikon-gonder\/\" \/>\n<meta property=\"og:locale\" content=\"en_US\" \/>\n<meta property=\"og:type\" content=\"article\" \/>\n<meta property=\"og:title\" content=\"Add Icon - Vector Logo\" \/>\n<meta property=\"og:url\" content=\"https:\/\/www.logovector.org\/ikon-gonder\/\" \/>\n<meta property=\"og:site_name\" content=\"Vector Logo\" \/>\n<meta property=\"article:publisher\" content=\"http:\/\/www.facebook.com\/logoandvector\" \/>\n<meta name=\"twitter:card\" content=\"summary_large_image\" \/>\n<meta name=\"twitter:site\" content=\"@Logo_Vector\" \/>\n<script type=\"application\/ld+json\" class=\"yoast-schema-graph\">{\"@context\":\"https:\/\/schema.org\",\"@graph\":[{\"@type\":\"WebPage\",\"@id\":\"https:\/\/www.logovector.org\/ikon-gonder\/\",\"url\":\"https:\/\/www.logovector.org\/ikon-gonder\/\",\"name\":\"Add Icon - Vector Logo\",\"isPartOf\":{\"@id\":\"https:\/\/www.logovector.org\/en\/#website\"},\"datePublished\":\"2015-09-12T17:45:39+00:00\",\"dateModified\":\"2015-09-12T17:45:39+00:00\",\"breadcrumb\":{\"@id\":\"https:\/\/www.logovector.org\/ikon-gonder\/#breadcrumb\"},\"inLanguage\":\"en-US\",\"potentialAction\":[{\"@type\":\"ReadAction\",\"target\":[\"https:\/\/www.logovector.org\/ikon-gonder\/\"]}]},{\"@type\":\"BreadcrumbList\",\"@id\":\"https:\/\/www.logovector.org\/ikon-gonder\/#breadcrumb\",\"itemListElement\":[{\"@type\":\"ListItem\",\"position\":1,\"name\":\"Home\",\"item\":\"https:\/\/www.logovector.org\/en\/\"},{\"@type\":\"ListItem\",\"position\":2,\"name\":\"\u0130kon G\u00f6nder\"}]},{\"@type\":\"WebSite\",\"@id\":\"https:\/\/www.logovector.org\/en\/#website\",\"url\":\"https:\/\/www.logovector.org\/en\/\",\"name\":\"Vector Logo\",\"description\":\"Turkish and World brand logos in vector format free of charge Turkey&#039;s largest vector logo library.\",\"potentialAction\":[{\"@type\":\"SearchAction\",\"target\":{\"@type\":\"EntryPoint\",\"urlTemplate\":\"https:\/\/www.logovector.org\/en\/?s={search_term_string}\"},\"query-input\":{\"@type\":\"PropertyValueSpecification\",\"valueRequired\":true,\"valueName\":\"search_term_string\"}}],\"inLanguage\":\"en-US\"}]}<\/script>\n<!-- \/ Yoast SEO plugin. -->","yoast_head_json":{"title":"Add Icon - Vector Logo","robots":{"index":"index","follow":"follow","max-snippet":"max-snippet:-1","max-image-preview":"max-image-preview:large","max-video-preview":"max-video-preview:-1"},"canonical":"https:\/\/www.logovector.org\/ikon-gonder\/","og_locale":"en_US","og_type":"article","og_title":"Add Icon - Vector Logo","og_url":"https:\/\/www.logovector.org\/ikon-gonder\/","og_site_name":"Vector Logo","article_publisher":"http:\/\/www.facebook.com\/logoandvector","twitter_card":"summary_large_image","twitter_site":"@Logo_Vector","schema":{"@context":"https:\/\/schema.org","@graph":[{"@type":"WebPage","@id":"https:\/\/www.logovector.org\/ikon-gonder\/","url":"https:\/\/www.logovector.org\/ikon-gonder\/","name":"Add Icon - Vector Logo","isPartOf":{"@id":"https:\/\/www.logovector.org\/en\/#website"},"datePublished":"2015-09-12T17:45:39+00:00","dateModified":"2015-09-12T17:45:39+00:00","breadcrumb":{"@id":"https:\/\/www.logovector.org\/ikon-gonder\/#breadcrumb"},"inLanguage":"en-US","potentialAction":[{"@type":"ReadAction","target":["https:\/\/www.logovector.org\/ikon-gonder\/"]}]},{"@type":"BreadcrumbList","@id":"https:\/\/www.logovector.org\/ikon-gonder\/#breadcrumb","itemListElement":[{"@type":"ListItem","position":1,"name":"Home","item":"https:\/\/www.logovector.org\/en\/"},{"@type":"ListItem","position":2,"name":"\u0130kon G\u00f6nder"}]},{"@type":"WebSite","@id":"https:\/\/www.logovector.org\/en\/#website","url":"https:\/\/www.logovector.org\/en\/","name":"Vector Logo","description":"Turkish and World brand logos in vector format free of charge Turkey&#039;s largest vector logo library.","potentialAction":[{"@type":"SearchAction","target":{"@type":"EntryPoint","urlTemplate":"https:\/\/www.logovector.org\/en\/?s={search_term_string}"},"query-input":{"@type":"PropertyValueSpecification","valueRequired":true,"valueName":"search_term_string"}}],"inLanguage":"en-US"}]}},"_links":{"self":[{"href":"https:\/\/www.logovector.org\/en\/wp-json\/wp\/v2\/pages\/221879","targetHints":{"allow":["GET"]}}],"collection":[{"href":"https:\/\/www.logovector.org\/en\/wp-json\/wp\/v2\/pages"}],"about":[{"href":"https:\/\/www.logovector.org\/en\/wp-json\/wp\/v2\/types\/page"}],"author":[{"embeddable":true,"href":"https:\/\/www.logovector.org\/en\/wp-json\/wp\/v2\/users\/3683"}],"replies":[{"embeddable":true,"href":"https:\/\/www.logovector.org\/en\/wp-json\/wp\/v2\/comments?post=221879"}],"version-history":[{"count":0,"href":"https:\/\/www.logovector.org\/en\/wp-json\/wp\/v2\/pages\/221879\/revisions"}],"wp:attachment":[{"href":"https:\/\/www.logovector.org\/en\/wp-json\/wp\/v2\/media?parent=221879"}],"curies":[{"name":"wp","href":"https:\/\/api.w.org\/{rel}","templated":true}]}}